{"id":2998,"date":"2024-02-29T12:55:31","date_gmt":"2024-02-29T15:55:31","guid":{"rendered":"https:\/\/cooperativas.fcejs.unsl.edu.ar\/?post_type=product&#038;p=2998"},"modified":"2024-06-19T08:52:47","modified_gmt":"2024-06-19T11:52:47","slug":"producto-2","status":"publish","type":"product","link":"https:\/\/cooperativas.fcejs.unsl.edu.ar\/index.php\/producto\/producto-2\/","title":{"rendered":"Plazos Fijos &#8211; Acciones &#8211; FCI &#8211; Bonos"},"content":{"rendered":"<p><strong>Plazos Fijos<\/strong><br \/>Encontr\u00e1 el plazo fijo que mejor se adapte a tus necesidades, a trav\u00e9s de nuestros medios  autom\u00e1ticos:\u00a0CREDICOOP M\u00d3VIL &#8211; Banca Internet &#8211;\u00a0CREDICOOP RESPONDE<\/p>\n<p><strong>Acciones<\/strong><br \/>Compra y venta de acciones de empresas que cotizan en Bolsa.<\/p>\n<p><strong>Fondos Comunes de Inversi\u00f3n<\/strong><br \/>Consegu\u00ed mayor rentabilidad con nuestros Fondos 1810.<\/p>\n<p><strong>Bonos<\/strong><br \/>Compra y venta de t\u00edtulos p\u00fablicos y privados.\u00a0<\/p>\n","protected":false},"excerpt":{"rendered":"<p>Tenemos todo para que puedas ahorrar e invertir tu dinero.<\/p>\n","protected":false},"featured_media":3587,"template":"","meta":[],"product_brand":[],"product_cat":[76],"product_tag":[84],"class_list":{"0":"post-2998","1":"product","2":"type-product","3":"status-publish","4":"has-post-thumbnail","6":"product_cat-ahorro-credito","7":"product_tag-banco-credicoop","9":"first","10":"instock","11":"shipping-taxable","12":"product-type-simple","13":"customify-col","14":"product-has-gallery"},"_links":{"self":[{"href":"https:\/\/cooperativas.fcejs.unsl.edu.ar\/index.php\/wp-json\/wp\/v2\/product\/2998","targetHints":{"allow":["GET"]}}],"collection":[{"href":"https:\/\/cooperativas.fcejs.unsl.edu.ar\/index.php\/wp-json\/wp\/v2\/product"}],"about":[{"href":"https:\/\/cooperativas.fcejs.unsl.edu.ar\/index.php\/wp-json\/wp\/v2\/types\/product"}],"wp:featuredmedia":[{"embeddable":true,"href":"https:\/\/cooperativas.fcejs.unsl.edu.ar\/index.php\/wp-json\/wp\/v2\/media\/3587"}],"wp:attachment":[{"href":"https:\/\/cooperativas.fcejs.unsl.edu.ar\/index.php\/wp-json\/wp\/v2\/media?parent=2998"}],"wp:term":[{"taxonomy":"product_brand","embeddable":true,"href":"https:\/\/cooperativas.fcejs.unsl.edu.ar\/index.php\/wp-json\/wp\/v2\/product_brand?post=2998"},{"taxonomy":"product_cat","embeddable":true,"href":"https:\/\/cooperativas.fcejs.unsl.edu.ar\/index.php\/wp-json\/wp\/v2\/product_cat?post=2998"},{"taxonomy":"product_tag","embeddable":true,"href":"https:\/\/cooperativas.fcejs.unsl.edu.ar\/index.php\/wp-json\/wp\/v2\/product_tag?post=2998"}],"curies":[{"name":"wp","href":"https:\/\/api.w.org\/{rel}","templated":true}]}}