{"id":3083,"date":"2024-03-04T10:28:05","date_gmt":"2024-03-04T13:28:05","guid":{"rendered":"https:\/\/cooperativas.fcejs.unsl.edu.ar\/?post_type=product&#038;p=3083"},"modified":"2024-07-05T11:16:49","modified_gmt":"2024-07-05T14:16:49","slug":"construccion_general","status":"publish","type":"product","link":"https:\/\/cooperativas.fcejs.unsl.edu.ar\/index.php\/producto\/construccion_general\/","title":{"rendered":"Construcci\u00f3n en general. durlock, plomer\u00eda, gas, cloacas, colocaci\u00f3n de cer\u00e1micas."},"content":{"rendered":"<p><strong>Nos especializamos en trabajos de arreglos generales como:<\/strong><br \/><strong>&#8211; durlock, <\/strong><br \/>&#8211; <strong>plomer\u00eda, <\/strong><br \/>&#8211; <strong>gas, <\/strong><br \/>&#8211; <strong>cloacas, <\/strong><br \/>&#8211; <strong>colocaci\u00f3n de cer\u00e1micas y m\u00e1s<\/strong><\/p>\n","protected":false},"excerpt":{"rendered":"<p><strong>\u201cMatria en Construcci\u00f3n\u201d es una cooperativa de mujeres constructoras que nace en abril del 2021, y se especializa en trabajos de arreglos generales como durlock, plomer\u00eda, gas, cloacas, colocaci\u00f3n de cer\u00e1micas y m\u00e1s<\/strong><\/p>\n","protected":false},"featured_media":3593,"template":"","meta":[],"product_brand":[],"product_cat":[79,90],"product_tag":[],"class_list":{"0":"post-3083","1":"product","2":"type-product","3":"status-publish","4":"has-post-thumbnail","6":"product_cat-trabajo","7":"product_cat-vivienda","9":"first","10":"instock","11":"shipping-taxable","12":"product-type-simple","13":"customify-col","14":"product-has-gallery"},"_links":{"self":[{"href":"https:\/\/cooperativas.fcejs.unsl.edu.ar\/index.php\/wp-json\/wp\/v2\/product\/3083","targetHints":{"allow":["GET"]}}],"collection":[{"href":"https:\/\/cooperativas.fcejs.unsl.edu.ar\/index.php\/wp-json\/wp\/v2\/product"}],"about":[{"href":"https:\/\/cooperativas.fcejs.unsl.edu.ar\/index.php\/wp-json\/wp\/v2\/types\/product"}],"wp:featuredmedia":[{"embeddable":true,"href":"https:\/\/cooperativas.fcejs.unsl.edu.ar\/index.php\/wp-json\/wp\/v2\/media\/3593"}],"wp:attachment":[{"href":"https:\/\/cooperativas.fcejs.unsl.edu.ar\/index.php\/wp-json\/wp\/v2\/media?parent=3083"}],"wp:term":[{"taxonomy":"product_brand","embeddable":true,"href":"https:\/\/cooperativas.fcejs.unsl.edu.ar\/index.php\/wp-json\/wp\/v2\/product_brand?post=3083"},{"taxonomy":"product_cat","embeddable":true,"href":"https:\/\/cooperativas.fcejs.unsl.edu.ar\/index.php\/wp-json\/wp\/v2\/product_cat?post=3083"},{"taxonomy":"product_tag","embeddable":true,"href":"https:\/\/cooperativas.fcejs.unsl.edu.ar\/index.php\/wp-json\/wp\/v2\/product_tag?post=3083"}],"curies":[{"name":"wp","href":"https:\/\/api.w.org\/{rel}","templated":true}]}}