{"id":3215,"date":"2024-05-06T11:48:43","date_gmt":"2024-05-06T14:48:43","guid":{"rendered":"https:\/\/cooperativas.fcejs.unsl.edu.ar\/?post_type=product&#038;p=3215"},"modified":"2024-06-19T09:12:57","modified_gmt":"2024-06-19T12:12:57","slug":"producto-de-seguro-copia","status":"publish","type":"product","link":"https:\/\/cooperativas.fcejs.unsl.edu.ar\/index.php\/producto\/producto-de-seguro-copia\/","title":{"rendered":"Seguro Automovil"},"content":{"rendered":"<p>En Argentina, es obligatorio tener seguro para autom\u00f3vil, seg\u00fan el art\u00edculo 68 de la Ley de Tr\u00e1nsito y Seguridad Vial N\u00ba 24.449.\u00a0Este seguro debe incluir una p\u00f3liza de Responsabilidad Civil, tambi\u00e9n conocido como seguro contra terceros.\u00a0<br \/>Al elegir un seguro para autom\u00f3vil, se pueden considerar las siguientes cuestiones:<br \/>&#8211; C\u00f3mo se usar\u00e1 el autom\u00f3vil y la cobertura m\u00e1s adecuada<br \/>&#8211; Las caracter\u00edsticas del autom\u00f3vil y los riesgos que corre<br \/>&#8211; Comparar ofertas de al menos tres aseguradoras diferentes<br \/>&#8211; Evaluar la relaci\u00f3n entre el costo y los beneficios<\/p>\n","protected":false},"excerpt":{"rendered":"<p>En Argentina, es obligatorio tener seguro para autom\u00f3vil, seg\u00fan el art\u00edculo 68 de la Ley de Tr\u00e1nsito y Seguridad Vial N\u00ba 24.449.\u00a0Este seguro debe incluir una p\u00f3liza de Responsabilidad Civil, tambi\u00e9n conocido como seguro contra terceros.\u00a0<\/p>\n","protected":false},"featured_media":3592,"template":"","meta":[],"product_brand":[],"product_cat":[91],"product_tag":[],"class_list":{"0":"post-3215","1":"product","2":"type-product","3":"status-publish","4":"has-post-thumbnail","6":"product_cat-seguro","8":"first","9":"instock","10":"shipping-taxable","11":"product-type-simple","12":"customify-col","13":"product-has-gallery"},"_links":{"self":[{"href":"https:\/\/cooperativas.fcejs.unsl.edu.ar\/index.php\/wp-json\/wp\/v2\/product\/3215","targetHints":{"allow":["GET"]}}],"collection":[{"href":"https:\/\/cooperativas.fcejs.unsl.edu.ar\/index.php\/wp-json\/wp\/v2\/product"}],"about":[{"href":"https:\/\/cooperativas.fcejs.unsl.edu.ar\/index.php\/wp-json\/wp\/v2\/types\/product"}],"wp:featuredmedia":[{"embeddable":true,"href":"https:\/\/cooperativas.fcejs.unsl.edu.ar\/index.php\/wp-json\/wp\/v2\/media\/3592"}],"wp:attachment":[{"href":"https:\/\/cooperativas.fcejs.unsl.edu.ar\/index.php\/wp-json\/wp\/v2\/media?parent=3215"}],"wp:term":[{"taxonomy":"product_brand","embeddable":true,"href":"https:\/\/cooperativas.fcejs.unsl.edu.ar\/index.php\/wp-json\/wp\/v2\/product_brand?post=3215"},{"taxonomy":"product_cat","embeddable":true,"href":"https:\/\/cooperativas.fcejs.unsl.edu.ar\/index.php\/wp-json\/wp\/v2\/product_cat?post=3215"},{"taxonomy":"product_tag","embeddable":true,"href":"https:\/\/cooperativas.fcejs.unsl.edu.ar\/index.php\/wp-json\/wp\/v2\/product_tag?post=3215"}],"curies":[{"name":"wp","href":"https:\/\/api.w.org\/{rel}","templated":true}]}}