{"id":3218,"date":"2024-05-06T12:01:49","date_gmt":"2024-05-06T15:01:49","guid":{"rendered":"https:\/\/cooperativas.fcejs.unsl.edu.ar\/?post_type=product&#038;p=3218"},"modified":"2024-06-19T09:06:10","modified_gmt":"2024-06-19T12:06:10","slug":"producto1-copia","status":"publish","type":"product","link":"https:\/\/cooperativas.fcejs.unsl.edu.ar\/index.php\/producto\/producto1-copia\/","title":{"rendered":"Agua potable"},"content":{"rendered":"<p>La cooperativa de agua potable de El Trapiche es una compa\u00f1\u00eda de servicios p\u00fablicos que presta servicios de agua en Trapiche.<\/p>\n","protected":false},"excerpt":{"rendered":"<p>Compa\u00f1\u00eda de servicios p\u00fablicos de agua en Trapiche<\/p>\n","protected":false},"featured_media":3589,"template":"","meta":[],"product_brand":[],"product_cat":[92,78],"product_tag":[88],"class_list":{"0":"post-3218","1":"product","2":"type-product","3":"status-publish","4":"has-post-thumbnail","6":"product_cat-provision","7":"product_cat-servicios-publicos","8":"product_tag-provision-de-agua-potable-de-el-trapiche","10":"first","11":"instock","12":"shipping-taxable","13":"product-type-simple","14":"customify-col","15":"product-has-gallery"},"_links":{"self":[{"href":"https:\/\/cooperativas.fcejs.unsl.edu.ar\/index.php\/wp-json\/wp\/v2\/product\/3218","targetHints":{"allow":["GET"]}}],"collection":[{"href":"https:\/\/cooperativas.fcejs.unsl.edu.ar\/index.php\/wp-json\/wp\/v2\/product"}],"about":[{"href":"https:\/\/cooperativas.fcejs.unsl.edu.ar\/index.php\/wp-json\/wp\/v2\/types\/product"}],"wp:featuredmedia":[{"embeddable":true,"href":"https:\/\/cooperativas.fcejs.unsl.edu.ar\/index.php\/wp-json\/wp\/v2\/media\/3589"}],"wp:attachment":[{"href":"https:\/\/cooperativas.fcejs.unsl.edu.ar\/index.php\/wp-json\/wp\/v2\/media?parent=3218"}],"wp:term":[{"taxonomy":"product_brand","embeddable":true,"href":"https:\/\/cooperativas.fcejs.unsl.edu.ar\/index.php\/wp-json\/wp\/v2\/product_brand?post=3218"},{"taxonomy":"product_cat","embeddable":true,"href":"https:\/\/cooperativas.fcejs.unsl.edu.ar\/index.php\/wp-json\/wp\/v2\/product_cat?post=3218"},{"taxonomy":"product_tag","embeddable":true,"href":"https:\/\/cooperativas.fcejs.unsl.edu.ar\/index.php\/wp-json\/wp\/v2\/product_tag?post=3218"}],"curies":[{"name":"wp","href":"https:\/\/api.w.org\/{rel}","templated":true}]}}