{"id":3674,"date":"2024-07-01T19:22:56","date_gmt":"2024-07-01T22:22:56","guid":{"rendered":"https:\/\/cooperativas.fcejs.unsl.edu.ar\/?post_type=product&#038;p=3674"},"modified":"2024-07-01T19:29:04","modified_gmt":"2024-07-01T22:29:04","slug":"cafe-de-especialidad","status":"publish","type":"product","link":"https:\/\/cooperativas.fcejs.unsl.edu.ar\/index.php\/producto\/cafe-de-especialidad\/","title":{"rendered":"Caf\u00e9 de Especialidad"},"content":{"rendered":"<p>Caf\u00e9 de Especialidad de origen \u00fanico<br \/>Certificados SCA Specialty Coffee Association<br \/>COLOMBIA &#8211; BRASIL &#8211; GUATEMALA &#8211; HONDURAS &#8211; SALVADOR &#8211; KENIA &#8211; PERU<br \/>Presentacion 250grs y a granel<br \/><a href=\"http:\/\/www.puntano.com.ar\">http:\/\/www.puntano.com.ar<\/a><\/p>\n","protected":false},"excerpt":{"rendered":"<p>Caf\u00e9 de Especialidad de origen \u00fanico<br \/>Certificados SCA Specialty Coffee Association<br \/>COLOMBIA &#8211; BRASIL &#8211; GUATEMALA &#8211; HONDURAS &#8211; SALVADOR &#8211; KENIA &#8211; PERU<br \/>Presentacion 250grs y a granel<br \/><a href=\"http:\/\/www.puntano.com.ar\">http:\/\/www.puntano.com.ar<\/a><\/p>\n","protected":false},"featured_media":3679,"template":"","meta":[],"product_brand":[],"product_cat":[79],"product_tag":[98],"class_list":{"0":"post-3674","1":"product","2":"type-product","3":"status-publish","4":"has-post-thumbnail","6":"product_cat-trabajo","7":"product_tag-cafalser-ltda","9":"first","10":"instock","11":"shipping-taxable","12":"product-type-simple","13":"customify-col"},"_links":{"self":[{"href":"https:\/\/cooperativas.fcejs.unsl.edu.ar\/index.php\/wp-json\/wp\/v2\/product\/3674","targetHints":{"allow":["GET"]}}],"collection":[{"href":"https:\/\/cooperativas.fcejs.unsl.edu.ar\/index.php\/wp-json\/wp\/v2\/product"}],"about":[{"href":"https:\/\/cooperativas.fcejs.unsl.edu.ar\/index.php\/wp-json\/wp\/v2\/types\/product"}],"wp:featuredmedia":[{"embeddable":true,"href":"https:\/\/cooperativas.fcejs.unsl.edu.ar\/index.php\/wp-json\/wp\/v2\/media\/3679"}],"wp:attachment":[{"href":"https:\/\/cooperativas.fcejs.unsl.edu.ar\/index.php\/wp-json\/wp\/v2\/media?parent=3674"}],"wp:term":[{"taxonomy":"product_brand","embeddable":true,"href":"https:\/\/cooperativas.fcejs.unsl.edu.ar\/index.php\/wp-json\/wp\/v2\/product_brand?post=3674"},{"taxonomy":"product_cat","embeddable":true,"href":"https:\/\/cooperativas.fcejs.unsl.edu.ar\/index.php\/wp-json\/wp\/v2\/product_cat?post=3674"},{"taxonomy":"product_tag","embeddable":true,"href":"https:\/\/cooperativas.fcejs.unsl.edu.ar\/index.php\/wp-json\/wp\/v2\/product_tag?post=3674"}],"curies":[{"name":"wp","href":"https:\/\/api.w.org\/{rel}","templated":true}]}}