{"id":3728,"date":"2024-09-05T16:28:40","date_gmt":"2024-09-05T19:28:40","guid":{"rendered":"https:\/\/cooperativas.fcejs.unsl.edu.ar\/?post_type=product&#038;p=3728"},"modified":"2024-09-05T16:57:53","modified_gmt":"2024-09-05T19:57:53","slug":"servicio-de-remodelacion-o-mantenimiento","status":"publish","type":"product","link":"https:\/\/cooperativas.fcejs.unsl.edu.ar\/index.php\/producto\/servicio-de-remodelacion-o-mantenimiento\/","title":{"rendered":"Servicio de Remodelaci\u00f3n o Mantenimiento"},"content":{"rendered":"<p>Cotiza tu proyecto de obra, remodelacion o manteniendo. Realizamos tu proyecto desde cero, dise\u00f1o, planos, renders.  Calculo de materiales y log\u00edstica. <br \/>Trabaja con nuestro equipo de profesionales certificados en alba\u00f1iler\u00eda, construcci\u00f3n en seco, plomer\u00eda, electricidad, gas&#8230;<br \/>Proyecci\u00f3n y ejecuci\u00f3n de obra garantizada. <\/p>\n","protected":false},"excerpt":{"rendered":"<p>Ofrecemos <strong>servicio<\/strong> de<strong> dise\u00f1o de interiores<\/strong>. <strong>Alba\u00f1iler\u00eda<\/strong>, <strong>pintura<\/strong> y todo lo que necesitas para tu proyecto de <strong>remodelacion<\/strong> o <strong>mantenimiento<\/strong>. <\/p>\n","protected":false},"featured_media":3729,"template":"","meta":[],"product_brand":[],"product_cat":[79],"product_tag":[],"class_list":{"0":"post-3728","1":"product","2":"type-product","3":"status-publish","4":"has-post-thumbnail","6":"product_cat-trabajo","8":"first","9":"instock","10":"shipping-taxable","11":"product-type-simple","12":"customify-col"},"_links":{"self":[{"href":"https:\/\/cooperativas.fcejs.unsl.edu.ar\/index.php\/wp-json\/wp\/v2\/product\/3728","targetHints":{"allow":["GET"]}}],"collection":[{"href":"https:\/\/cooperativas.fcejs.unsl.edu.ar\/index.php\/wp-json\/wp\/v2\/product"}],"about":[{"href":"https:\/\/cooperativas.fcejs.unsl.edu.ar\/index.php\/wp-json\/wp\/v2\/types\/product"}],"wp:featuredmedia":[{"embeddable":true,"href":"https:\/\/cooperativas.fcejs.unsl.edu.ar\/index.php\/wp-json\/wp\/v2\/media\/3729"}],"wp:attachment":[{"href":"https:\/\/cooperativas.fcejs.unsl.edu.ar\/index.php\/wp-json\/wp\/v2\/media?parent=3728"}],"wp:term":[{"taxonomy":"product_brand","embeddable":true,"href":"https:\/\/cooperativas.fcejs.unsl.edu.ar\/index.php\/wp-json\/wp\/v2\/product_brand?post=3728"},{"taxonomy":"product_cat","embeddable":true,"href":"https:\/\/cooperativas.fcejs.unsl.edu.ar\/index.php\/wp-json\/wp\/v2\/product_cat?post=3728"},{"taxonomy":"product_tag","embeddable":true,"href":"https:\/\/cooperativas.fcejs.unsl.edu.ar\/index.php\/wp-json\/wp\/v2\/product_tag?post=3728"}],"curies":[{"name":"wp","href":"https:\/\/api.w.org\/{rel}","templated":true}]}}